{"id":46,"date":"2015-12-02T12:59:38","date_gmt":"2015-12-02T11:59:38","guid":{"rendered":"http:\/\/beifus-bau.de\/?page_id=46"},"modified":"2020-07-13T11:57:47","modified_gmt":"2020-07-13T09:57:47","slug":"ueber-uns","status":"publish","type":"page","link":"http:\/\/beifus-bau.de\/?page_id=46","title":{"rendered":"\u00dcber uns"},"content":{"rendered":"<p style=\"text-align: justify;\">Unser familiengef\u00fchrtes Unternehmen legt Wert auf eine starke Kundenbindung und Betreuung.<\/p>\n<p style=\"text-align: justify;\"><img loading=\"lazy\" decoding=\"async\" class=\"alignnone size-full wp-image-95\" src=\"http:\/\/beifus-bau.de\/wp-content\/uploads\/2015\/12\/buero_beifus.jpg\" alt=\"\" width=\"1500\" height=\"786\" srcset=\"http:\/\/beifus-bau.de\/wp-content\/uploads\/2015\/12\/buero_beifus.jpg 1500w, http:\/\/beifus-bau.de\/wp-content\/uploads\/2015\/12\/buero_beifus-300x157.jpg 300w, http:\/\/beifus-bau.de\/wp-content\/uploads\/2015\/12\/buero_beifus-1024x537.jpg 1024w\" sizes=\"auto, (max-width: 1500px) 100vw, 1500px\" \/><\/p>\n<p style=\"text-align: justify;\">Wir betreuen Ihr Bauprojekt von Anfang bis zum Ende. Ihre W\u00fcnsche und Bed\u00fcrfnisse stehen im Mittelpunkt unserer T\u00e4tigkeiten. Flexibel gehen wir auf Ihre \u00c4nderungsw\u00fcnsche, auch w\u00e4hrend der aktuellen Bauphase, ein.<\/p>\n<p style=\"text-align: justify;\">Wir sind jederzeit f\u00fcr Sie erreichbar \u2013 gemeinsam setzen wir Ihr Bauvorhaben Wunsch- und Termingerecht um.<\/p>\n<p style=\"text-align: justify;\">Sprechen Sie mit uns.<\/p>\n<p style=\"text-align: justify;\">Wir freuen uns auf die gemeinsame Zusammenarbeit.<br \/>\nFamilie Beifus<\/p>\n","protected":false},"excerpt":{"rendered":"<p>Unser familiengef\u00fchrtes Unternehmen legt Wert auf eine starke Kundenbindung und Betreuung. Wir betreuen Ihr Bauprojekt von Anfang bis zum Ende. Ihre W\u00fcnsche und Bed\u00fcrfnisse stehen im Mittelpunkt unserer T\u00e4tigkeiten. Flexibel gehen wir auf Ihre \u00c4nderungsw\u00fcnsche, auch w\u00e4hrend der aktuellen Bauphase, ein. Wir sind jederzeit f\u00fcr Sie erreichbar \u2013 gemeinsam setzen [&hellip;]<\/p>\n","protected":false},"author":1,"featured_media":0,"parent":0,"menu_order":0,"comment_status":"closed","ping_status":"closed","template":"","meta":{"ngg_post_thumbnail":0,"footnotes":""},"class_list":["post-46","page","type-page","status-publish","hentry"],"_links":{"self":[{"href":"http:\/\/beifus-bau.de\/index.php?rest_route=\/wp\/v2\/pages\/46","targetHints":{"allow":["GET"]}}],"collection":[{"href":"http:\/\/beifus-bau.de\/index.php?rest_route=\/wp\/v2\/pages"}],"about":[{"href":"http:\/\/beifus-bau.de\/index.php?rest_route=\/wp\/v2\/types\/page"}],"author":[{"embeddable":true,"href":"http:\/\/beifus-bau.de\/index.php?rest_route=\/wp\/v2\/users\/1"}],"replies":[{"embeddable":true,"href":"http:\/\/beifus-bau.de\/index.php?rest_route=%2Fwp%2Fv2%2Fcomments&post=46"}],"version-history":[{"count":10,"href":"http:\/\/beifus-bau.de\/index.php?rest_route=\/wp\/v2\/pages\/46\/revisions"}],"predecessor-version":[{"id":200,"href":"http:\/\/beifus-bau.de\/index.php?rest_route=\/wp\/v2\/pages\/46\/revisions\/200"}],"wp:attachment":[{"href":"http:\/\/beifus-bau.de\/index.php?rest_route=%2Fwp%2Fv2%2Fmedia&parent=46"}],"curies":[{"name":"wp","href":"https:\/\/api.w.org\/{rel}","templated":true}]}}